{"id":101,"date":"2025-07-21T18:10:06","date_gmt":"2025-07-21T18:10:06","guid":{"rendered":"https:\/\/tellus-tiefbau.de\/?page_id=101"},"modified":"2026-03-14T20:43:29","modified_gmt":"2026-03-14T20:43:29","slug":"startseite","status":"publish","type":"page","link":"https:\/\/tellus-tiefbau.de\/","title":{"rendered":"Startseite"},"content":{"rendered":"\n<h2 class=\"wp-block-heading has-text-align-left\">WAS BRAUCHT DIE W\u00c4RMEWENDE?<br>ROHRE!<\/h2>\n\n\n\n<p class=\"has-text-align-left\">In Bremen und umzu bietet Tellus Tiefbau alle Leistungen rund um den Rohrleitungsbau &#8211; von der Planung und Steuerung bis zur Ausf\u00fchrung. Immobilienprojekte mit nachhaltigen Energiekonzepten statten wir mit Nahw\u00e4rmeleitungen, Nahk\u00e4lteleitungen und Schutzrohrleitungen aus. Dabei bringen wir nur Maschinen der neuesten Generation aufs Baufeld, wenn m\u00f6glich l\u00e4rm- und emissionsfrei dank elektrischer Motoren. <br><strong>Willkommen bei Tellus Tiefbau!<\/strong><\/p>\n\n\n\n<div id=\"wp-block-themeisle-blocks-slider-3a0a3d56\" class=\"wp-block-themeisle-blocks-slider alignwide glide\" data-per-view=\"1\" data-gap=\"0\" data-peek=\"0\" data-autoplay=\"3000\" data-height=\"400px\" data-hide-arrows=\"false\"><div class=\"glide__track\" data-glide-el=\"track\"><div class=\"glide__slides\"><div class=\"wp-block-themeisle-blocks-slider-item-wrapper glide__slide\" tabindex=\"0\"><figure><img decoding=\"async\" class=\"wp-block-themeisle-blocks-slider-item\" src=\"https:\/\/tellus-tiefbau.de\/wp-content\/uploads\/2026\/01\/TT-Firmenbus-2-scaled.jpg\" alt=\"\" title=\"\" data-id=\"284\"\/><\/figure><\/div><div class=\"wp-block-themeisle-blocks-slider-item-wrapper glide__slide\" tabindex=\"0\"><figure><img decoding=\"async\" class=\"wp-block-themeisle-blocks-slider-item\" src=\"https:\/\/tellus-tiefbau.de\/wp-content\/uploads\/2026\/01\/TT-Leitungen.jpg\" alt=\"\" title=\"\" data-id=\"279\"\/><\/figure><\/div><div class=\"wp-block-themeisle-blocks-slider-item-wrapper glide__slide\" tabindex=\"0\"><figure><img decoding=\"async\" class=\"wp-block-themeisle-blocks-slider-item\" src=\"https:\/\/tellus-tiefbau.de\/wp-content\/uploads\/2026\/01\/TT-Bagger-scaled.jpg\" alt=\"\" title=\"\" data-id=\"276\"\/><\/figure><\/div><div class=\"wp-block-themeisle-blocks-slider-item-wrapper glide__slide\" tabindex=\"0\"><figure><img decoding=\"async\" class=\"wp-block-themeisle-blocks-slider-item\" src=\"https:\/\/tellus-tiefbau.de\/wp-content\/uploads\/2026\/01\/TT-Firmenbus-scaled.jpg\" alt=\"\" title=\"\" data-id=\"285\"\/><\/figure><\/div><div class=\"wp-block-themeisle-blocks-slider-item-wrapper glide__slide\" tabindex=\"0\"><figure><img decoding=\"async\" class=\"wp-block-themeisle-blocks-slider-item\" src=\"https:\/\/tellus-tiefbau.de\/wp-content\/uploads\/2025\/07\/Kabelschutzrohre.jpg\" alt=\"\" title=\"\" data-id=\"253\"\/><\/figure><\/div><div class=\"wp-block-themeisle-blocks-slider-item-wrapper glide__slide\" tabindex=\"0\"><figure><img decoding=\"async\" class=\"wp-block-themeisle-blocks-slider-item\" src=\"https:\/\/tellus-tiefbau.de\/wp-content\/uploads\/2026\/01\/TT-Radlader-scaled.jpg\" alt=\"\" title=\"\" data-id=\"286\"\/><\/figure><\/div><\/div><div class=\"glide__bullets\" data-glide-el=\"controls[nav]\"><button class=\"glide__bullet\" data-glide-dir=\"=0\"><\/button><button class=\"glide__bullet\" data-glide-dir=\"=1\"><\/button><button class=\"glide__bullet\" data-glide-dir=\"=2\"><\/button><button class=\"glide__bullet\" data-glide-dir=\"=3\"><\/button><button class=\"glide__bullet\" data-glide-dir=\"=4\"><\/button><button class=\"glide__bullet\" data-glide-dir=\"=5\"><\/button><\/div><\/div><\/div>\n\n\n\n<h2 class=\"wp-block-heading has-text-align-center\">ARBEITE MIT UNS!<\/h2>\n\n\n\n<p class=\"has-text-align-left\">Lange Fahrten von Baustelle zu Baustelle? Gibt es bei uns selten. Auf den Baustellen unserer Firmengruppen verlegen wir viele Meter auf kleiner Fl\u00e4che. Wir statten unsere Teams mit Maschinen neuester Technik aus und arbeiten an einer vollst\u00e4ndig elektrifizierten Flotte. Das bedeutet: Weniger Dieselabgase und L\u00e4rm f\u00fcr alle. Kaltes Wasser, guter Kaffee und Obst stehen immer in der N\u00e4he zur Baustelle parat. Au\u00dferdem legen wir noch drauf: Firmenfitness, Bike-Leasing und Verm\u00f6genswirksame Leistungen. <br><strong>Komm ins Team Tellus Tiefbau!<\/strong><\/p>\n\n\n\n<hr class=\"wp-block-separator has-alpha-channel-opacity has-blush-bordeaux-gradient-background has-background is-style-default\" style=\"margin-top:1.1rem;margin-bottom:1.1rem\"\/>\n\n\n\n<h3 class=\"wp-block-heading\">AKTUELL SUCHEN WIR:<\/h3>\n\n\n\n<p><a href=\"https:\/\/tellus-tiefbau.jobs.personio.de\/job\/2551556?language=de&amp;display=de\" target=\"_blank\" rel=\"noreferrer noopener\"><strong>POLIER \/ VORABREITER<\/strong> (m\/w\/d)<\/a><\/p>\n\n\n\n<p><a href=\"https:\/\/tellus-tiefbau.jobs.personio.de\/job\/2554509?language=de&amp;display=de\" target=\"_blank\" rel=\"noreferrer noopener\"><strong>BAGGERFAHRER<\/strong> (m\/w\/d)<\/a><\/p>\n\n\n\n<p><a href=\"https:\/\/tellus-tiefbau.jobs.personio.de\/job\/2554545?language=de&amp;display=de\" target=\"_blank\" rel=\"noreferrer noopener\"><strong>ROHRLEITUNGSBAUER<\/strong> <strong>\/ Tiefbaufacharbeiter<\/strong> (m\/w\/d)<\/a><\/p>\n\n\n\n<p><a href=\"https:\/\/tellus-tiefbau.jobs.personio.de\/job\/2554613?language=de&amp;display=de\" target=\"_blank\" rel=\"noreferrer noopener\"><strong>BAUHELFER<\/strong> (m\/w\/d)<\/a><\/p>\n\n\n\n<hr class=\"wp-block-separator has-alpha-channel-opacity has-blush-bordeaux-gradient-background has-background is-style-default\" style=\"margin-top:1.1rem;margin-bottom:1.1rem\"\/>\n\n\n\n<h3 class=\"wp-block-heading\">Melde dich bei:<\/h3>\n\n\n\n<p>Nils Dibbern<br>Gesch\u00e4ftsf\u00fchrer<br><img loading=\"lazy\" decoding=\"async\" width=\"25\" height=\"25\" class=\"wp-image-157\" style=\"width: 25px;\" src=\"https:\/\/tellus-tiefbau.de\/wp-content\/uploads\/2025\/07\/icons8-e-mail-32.png\" alt=\"\">n.dibbern@tellus-tiefbau.de <br><a href=\"https:\/\/de.linkedin.com\/in\/nils-dibbern-17917a353\"><img loading=\"lazy\" decoding=\"async\" width=\"25\" height=\"25\" class=\"wp-image-158\" style=\"width: 25px;\" src=\"https:\/\/tellus-tiefbau.de\/wp-content\/uploads\/2025\/07\/icons8-linkedin-2-32.png\" alt=\"\"><\/a>Nils bei <a href=\"https:\/\/de.linkedin.com\/in\/nils-dibbern-17917a353\">LinkedIn<\/a><\/p>\n\n\n\n<h3 class=\"wp-block-heading\">Oder schreibe uns \u00fcber unser Kontaktformular<\/h3>\n\n\n\n<p><a href=\"https:\/\/tellus-tiefbau.de\/index.php\/kontakt\/\" data-type=\"page\" data-id=\"110\" target=\"_blank\" rel=\"noreferrer noopener\">Kontaktformular<\/a><\/p>\n\n\n\n<hr class=\"wp-block-separator has-alpha-channel-opacity has-blush-bordeaux-gradient-background has-background is-style-default\" style=\"margin-top:1.1rem;margin-bottom:1.1rem\"\/>\n\n\n\n<div class=\"wp-block-columns is-layout-flex wp-container-core-columns-is-layout-2e14fe5f wp-block-columns-is-layout-flex\" style=\"border-style:none;border-width:0px;border-radius:0px;padding-right:0;padding-left:0\">\n<div class=\"wp-block-column is-layout-flow wp-block-column-is-layout-flow\">\n<p><img decoding=\"async\" class=\"wp-image-219\" style=\"width: 0px;\" src=\"https:\/\/tellus-tiefbau.de\/wp-content\/uploads\/2025\/07\/Tellus-Tiefbau-Logo-rot-grau-2c-0a9f05.svg\" alt=\"\"><img loading=\"lazy\" decoding=\"async\" width=\"165\" height=\"69\" class=\"wp-image-217\" style=\"width: 165px;\" src=\"https:\/\/tellus-tiefbau.de\/wp-content\/uploads\/2025\/07\/Tellus-Tiefbau-Logo-rot-grau-2c-scaled.png\" alt=\"\" srcset=\"https:\/\/tellus-tiefbau.de\/wp-content\/uploads\/2025\/07\/Tellus-Tiefbau-Logo-rot-grau-2c-scaled.png 2560w, https:\/\/tellus-tiefbau.de\/wp-content\/uploads\/2025\/07\/Tellus-Tiefbau-Logo-rot-grau-2c-scaled-600x251.png 600w\" sizes=\"auto, (max-width: 165px) 100vw, 165px\" \/><br><\/p>\n<\/div>\n\n\n\n<div class=\"wp-block-column is-layout-flow wp-block-column-is-layout-flow\">\n<p class=\"ticss-23592d9b\">info@tellus-tiefbau.de <br>Auf der Muggenburg 2<br>28217 Bremen<\/p>\n<\/div>\n\n\n\n<div class=\"wp-block-column is-layout-flow wp-block-column-is-layout-flow\">\n<p class=\"ticss-edcbe808\"><a href=\"https:\/\/tellus-tiefbau.de\/index.php\/impressum\/\" data-type=\"page\" data-id=\"124\" target=\"_blank\" rel=\"noreferrer noopener\">Impressum<\/a><br><a href=\"https:\/\/tellus-tiefbau.de\/index.php\/datenschutz\/\" data-type=\"page\" data-id=\"128\" target=\"_blank\" rel=\"noreferrer noopener\">Datenschutz<\/a><\/p>\n<\/div>\n<\/div>\n\n\n\n<p><\/p>\n","protected":false},"excerpt":{"rendered":"<p>WAS BRAUCHT DIE W\u00c4RMEWENDE?ROHRE! In Bremen und umzu bietet Tellus Tiefbau alle Leistungen rund um den Rohrleitungsbau &#8211; von der [&hellip;]<\/p>\n","protected":false},"author":1,"featured_media":0,"parent":0,"menu_order":0,"comment_status":"closed","ping_status":"closed","template":"","meta":{"site-sidebar-layout":"default","site-content-layout":"","ast-site-content-layout":"narrow-width-container","site-content-style":"default","site-sidebar-style":"default","ast-global-header-display":"","ast-banner-title-visibility":"","ast-main-header-display":"","ast-hfb-above-header-display":"","ast-hfb-below-header-display":"","ast-hfb-mobile-header-display":"","site-post-title":"disabled","ast-breadcrumbs-content":"","ast-featured-img":"","footer-sml-layout":"","ast-disable-related-posts":"","theme-transparent-header-meta":"","adv-header-id-meta":"","stick-header-meta":"","header-above-stick-meta":"","header-main-stick-meta":"","header-below-stick-meta":"","astra-migrate-meta-layouts":"default","ast-page-background-enabled":"default","ast-page-background-meta":{"desktop":{"background-color":"var(--ast-global-color-5)","background-image":"","background-repeat":"repeat","background-position":"center center","background-size":"auto","background-attachment":"scroll","background-type":"","background-media":"","overlay-type":"","overlay-color":"","overlay-opacity":"","overlay-gradient":""},"tablet":{"background-color":"","background-image":"","background-repeat":"repeat","background-position":"center center","background-size":"auto","background-attachment":"scroll","background-type":"","background-media":"","overlay-type":"","overlay-color":"","overlay-opacity":"","overlay-gradient":""},"mobile":{"background-color":"","background-image":"","background-repeat":"repeat","background-position":"center center","background-size":"auto","background-attachment":"scroll","background-type":"","background-media":"","overlay-type":"","overlay-color":"","overlay-opacity":"","overlay-gradient":""}},"ast-content-background-meta":{"desktop":{"background-color":"var(--ast-global-color-4)","background-image":"","background-repeat":"repeat","background-position":"center center","background-size":"auto","background-attachment":"scroll","background-type":"","background-media":"","overlay-type":"","overlay-color":"","overlay-opacity":"","overlay-gradient":""},"tablet":{"background-color":"var(--ast-global-color-4)","background-image":"","background-repeat":"repeat","background-position":"center center","background-size":"auto","background-attachment":"scroll","background-type":"","background-media":"","overlay-type":"","overlay-color":"","overlay-opacity":"","overlay-gradient":""},"mobile":{"background-color":"var(--ast-global-color-4)","background-image":"","background-repeat":"repeat","background-position":"center center","background-size":"auto","background-attachment":"scroll","background-type":"","background-media":"","overlay-type":"","overlay-color":"","overlay-opacity":"","overlay-gradient":""}},"_themeisle_gutenberg_block_has_review":false,"footnotes":"[]"},"class_list":["post-101","page","type-page","status-publish","hentry"],"_links":{"self":[{"href":"https:\/\/tellus-tiefbau.de\/index.php\/wp-json\/wp\/v2\/pages\/101","targetHints":{"allow":["GET"]}}],"collection":[{"href":"https:\/\/tellus-tiefbau.de\/index.php\/wp-json\/wp\/v2\/pages"}],"about":[{"href":"https:\/\/tellus-tiefbau.de\/index.php\/wp-json\/wp\/v2\/types\/page"}],"author":[{"embeddable":true,"href":"https:\/\/tellus-tiefbau.de\/index.php\/wp-json\/wp\/v2\/users\/1"}],"replies":[{"embeddable":true,"href":"https:\/\/tellus-tiefbau.de\/index.php\/wp-json\/wp\/v2\/comments?post=101"}],"version-history":[{"count":49,"href":"https:\/\/tellus-tiefbau.de\/index.php\/wp-json\/wp\/v2\/pages\/101\/revisions"}],"predecessor-version":[{"id":293,"href":"https:\/\/tellus-tiefbau.de\/index.php\/wp-json\/wp\/v2\/pages\/101\/revisions\/293"}],"wp:attachment":[{"href":"https:\/\/tellus-tiefbau.de\/index.php\/wp-json\/wp\/v2\/media?parent=101"}],"curies":[{"name":"wp","href":"https:\/\/api.w.org\/{rel}","templated":true}]}}